{"id":3553,"date":"2021-08-24T21:28:41","date_gmt":"2021-08-25T00:28:41","guid":{"rendered":"https:\/\/meusalaobsb.com.br\/sb\/iump_individual_page_ednaldor\/"},"modified":"2021-08-31T03:16:25","modified_gmt":"2021-08-31T06:16:25","slug":"iump_individual_page_ednaldor","status":"publish","type":"page","link":"https:\/\/meusalaobsb.com.br\/sb\/iump_individual_page_ednaldor\/","title":{"rendered":"IUMP Individual Page: ednaldor"},"content":{"rendered":"<p><span style=\"color: #000000;\">Sua p\u00e1gina \u00e9:<\/span><\/p>\n<p><span style=\"color: #b01a1a;\"><a style=\"color: #b01a1a;\" href=\"https:\/\/meusalaobsb.com.br\/sb\/marcia\/\">Principal &#8211; Sal\u00e3o da M\u00e1rcia Santos (meusalaobsb.com.br)<\/a><\/span><\/p>\n<p><span style=\"color: #000000;\">Login: ednaldor<\/span><\/p>\n<p><span style=\"color: #000000;\">Senha: Edn490415)(*<\/span><\/p>\n","protected":false},"excerpt":{"rendered":"<p>Sua p\u00e1gina \u00e9: Principal &#8211; Sal\u00e3o da M\u00e1rcia Santos (meusalaobsb.com.br) Login: ednaldor Senha: Edn490415)(*<\/p>\n","protected":false},"author":4744,"featured_media":0,"parent":0,"menu_order":0,"comment_status":"closed","ping_status":"closed","template":"","meta":{"footnotes":""},"class_list":["post-3553","page","type-page","status-publish","hentry"],"_links":{"self":[{"href":"https:\/\/meusalaobsb.com.br\/sb\/wp-json\/wp\/v2\/pages\/3553","targetHints":{"allow":["GET"]}}],"collection":[{"href":"https:\/\/meusalaobsb.com.br\/sb\/wp-json\/wp\/v2\/pages"}],"about":[{"href":"https:\/\/meusalaobsb.com.br\/sb\/wp-json\/wp\/v2\/types\/page"}],"author":[{"embeddable":true,"href":"https:\/\/meusalaobsb.com.br\/sb\/wp-json\/wp\/v2\/users\/4744"}],"replies":[{"embeddable":true,"href":"https:\/\/meusalaobsb.com.br\/sb\/wp-json\/wp\/v2\/comments?post=3553"}],"version-history":[{"count":3,"href":"https:\/\/meusalaobsb.com.br\/sb\/wp-json\/wp\/v2\/pages\/3553\/revisions"}],"predecessor-version":[{"id":3820,"href":"https:\/\/meusalaobsb.com.br\/sb\/wp-json\/wp\/v2\/pages\/3553\/revisions\/3820"}],"wp:attachment":[{"href":"https:\/\/meusalaobsb.com.br\/sb\/wp-json\/wp\/v2\/media?parent=3553"}],"curies":[{"name":"wp","href":"https:\/\/api.w.org\/{rel}","templated":true}]}}